{"id":95,"date":"2022-11-02T18:39:27","date_gmt":"2022-11-02T15:39:27","guid":{"rendered":"http:\/\/demo2.mehmetulus.com.tr\/?post_type=product&#038;p=95"},"modified":"2022-11-02T22:12:58","modified_gmt":"2022-11-02T19:12:58","slug":"analysis-results-of-olive-oil","status":"publish","type":"product","link":"https:\/\/demo2.mehmetulus.com.tr\/?product=analysis-results-of-olive-oil","title":{"rendered":"Polifenoll\u00fc Zeytinya\u011f\u0131 750 ml Nat\u00fcrel So\u011fuk S\u0131k\u0131m S\u0131zma"},"content":{"rendered":"<ul>\n<li>Tavananna 750 ml So\u011fuk S\u0131k\u0131m S\u0131zma Zeytinya\u011f\u0131 Erken Hasat Polifenol 300 mg\/kg<\/li>\n<li>Asit de\u011ferleri : Asit oran\u0131 0,8 e kadar olan zeytinya\u011flar\u0131 &#8220;s\u0131zma&#8221; olarak adland\u0131r\u0131l\u0131r. Akredite laboratuvar kimyasal analiz sonu\u00e7lar\u0131 zeytinya\u011f\u0131m\u0131z\u0131n 0,15 % m\/m oleikasitSerbest ya\u011f asiti de\u011ferine sahip oldu\u011funu g\u00f6stermektedir.<\/li>\n<li>Polifenol de\u011ferleri : Polifenol, insan sa\u011fl\u0131\u011f\u0131na faydal\u0131 gelen bir maddedir. Akredite laboratuvar sonu\u00e7lar\u0131 zeytinya\u011f\u0131m\u0131z\u0131n 300 mg\/kg polifenol de\u011ferine sahip oldu\u011funu g\u00f6stermektedir.<\/li>\n<li>Peroksit de\u011feri : Zeytinler topland\u0131ktan sonra, \u00e7ok k\u0131sa s\u00fcre i\u00e7erisinde so\u011fuk s\u0131k\u0131m y\u00f6ntemi ile s\u0131k\u0131lmas\u0131 gerekir. Bu sayede hem sa\u011fl\u0131kl\u0131 hem de hava ile temas\u0131 kesip paketlenip uygun saklama ko\u015fullar\u0131nda depolamak gerekmektedir. Akredite laboratuvar sonu\u00e7lar\u0131 zeytinya\u011f\u0131m\u0131z\u0131n 3,15 mego\/kg peroksit De\u011ferine sahip oldu\u011funu g\u00f6stermektedir.<\/li>\n<\/ul>\n","protected":false},"excerpt":{"rendered":"<p>Tavananna 750 ml So\u011fuk S\u0131k\u0131m S\u0131zma Zeytinya\u011f\u0131 Erken Hasat Polifenol 300 mg\/kg<br \/>\nAsit de\u011ferleri : Asit oran\u0131 0,8 e kadar olan zeytinya\u011flar\u0131 &#8220;s\u0131zma&#8221; olarak adland\u0131r\u0131l\u0131r. Akredite laboratuvar kimyasal analiz sonu\u00e7lar\u0131 zeytinya\u011f\u0131m\u0131z\u0131n 0,15 % m\/m oleikasitSerbest ya\u011f asiti de\u011ferine sahip oldu\u011funu g\u00f6stermektedir.<\/p>\n","protected":false},"featured_media":115,"template":"","meta":{"_kad_post_transparent":"default","_kad_post_title":"","_kad_post_layout":"default","_kad_post_sidebar_id":"","_kad_post_content_style":"default","_kad_post_vertical_padding":"default","_kad_post_feature":"","_kad_post_feature_position":"","_kad_post_header":false,"_kad_post_footer":false},"product_cat":[16],"product_tag":[],"class_list":{"0":"post-95","1":"product","2":"type-product","3":"status-publish","4":"has-post-thumbnail","6":"product_cat-genel","8":"first","9":"instock","10":"shipping-taxable","11":"purchasable","12":"product-type-simple","13":"entry","14":"content-bg","15":"loop-entry"},"_links":{"self":[{"href":"https:\/\/demo2.mehmetulus.com.tr\/index.php?rest_route=\/wp\/v2\/product\/95","targetHints":{"allow":["GET"]}}],"collection":[{"href":"https:\/\/demo2.mehmetulus.com.tr\/index.php?rest_route=\/wp\/v2\/product"}],"about":[{"href":"https:\/\/demo2.mehmetulus.com.tr\/index.php?rest_route=\/wp\/v2\/types\/product"}],"wp:featuredmedia":[{"embeddable":true,"href":"https:\/\/demo2.mehmetulus.com.tr\/index.php?rest_route=\/wp\/v2\/media\/115"}],"wp:attachment":[{"href":"https:\/\/demo2.mehmetulus.com.tr\/index.php?rest_route=%2Fwp%2Fv2%2Fmedia&parent=95"}],"wp:term":[{"taxonomy":"product_cat","embeddable":true,"href":"https:\/\/demo2.mehmetulus.com.tr\/index.php?rest_route=%2Fwp%2Fv2%2Fproduct_cat&post=95"},{"taxonomy":"product_tag","embeddable":true,"href":"https:\/\/demo2.mehmetulus.com.tr\/index.php?rest_route=%2Fwp%2Fv2%2Fproduct_tag&post=95"}],"curies":[{"name":"wp","href":"https:\/\/api.w.org\/{rel}","templated":true}]}}