{"id":178,"date":"2022-11-04T07:55:53","date_gmt":"2022-11-04T04:55:53","guid":{"rendered":"http:\/\/demo2.mehmetulus.com.tr\/?page_id=178"},"modified":"2022-11-04T08:42:32","modified_gmt":"2022-11-04T05:42:32","slug":"178-2","status":"publish","type":"page","link":"https:\/\/demo2.mehmetulus.com.tr\/?page_id=178","title":{"rendered":"\u0130leti\u015fim"},"content":{"rendered":"\n<div class=\"wp-block-kadence-rowlayout alignnone\"><div id=\"kt-layout-id_4cdcf0-f3\" class=\"kt-row-layout-inner kt-layout-id_4cdcf0-f3\"><div class=\"kt-row-column-wrap kt-has-3-columns kt-gutter-default kt-v-gutter-default kt-row-valign-top kt-row-layout-equal kt-tab-layout-inherit kt-m-colapse-left-to-right kt-mobile-layout-row\">\n<div class=\"wp-block-kadence-column inner-column-1 kadence-column_9500f7-4d\"><div class=\"kt-inside-inner-col\"><style id=\"kb-infobox_a556b8-3e\">#kt-info-box_a556b8-3e .kt-blocks-info-box-link-wrap{border-radius:10px;background:#ffffff;padding-top:24px;padding-right:24px;padding-bottom:24px;padding-left:24px;border-top-width:5px;border-right-width:5px;border-bottom-width:5px;border-left-width:5px;}#kt-info-box_a556b8-3e .kt-blocks-info-box-link-wrap:hover{border-color:#eeeeee;background:#ffffff;}#kt-info-box_a556b8-3e .kt-info-svg-icon, #kt-info-box_a556b8-3e .kt-info-svg-icon-flip, #kt-info-box_a556b8-3e .kt-blocks-info-box-number{font-size:50px;}#kt-info-box_a556b8-3e .kt-blocks-info-box-media{color:#444444;background:#ffffff;border-color:#eeeeee;border-radius:200px;border-top-width:5px;border-right-width:5px;border-bottom-width:5px;border-left-width:5px;padding-top:20px;padding-right:20px;padding-bottom:20px;padding-left:20px;margin-top:0px;margin-right:20px;margin-bottom:0px;margin-left:0px;}#kt-info-box_a556b8-3e .kt-blocks-info-box-media .kadence-info-box-image-intrisic:not(.kb-info-box-image-ratio) img{border-radius:200px;}#kt-info-box_a556b8-3e .kt-blocks-info-box-link-wrap:hover .kt-blocks-info-box-media{color:#444444;background:#ffffff;border-color:#eeeeee;}#kt-info-box_a556b8-3e .kt-blocks-info-box-title{font-size:18px;text-transform:uppercase;padding-top:0px;padding-right:0px;padding-bottom:0px;padding-left:0px;margin-top:5px;margin-right:0px;margin-bottom:10px;margin-left:0px;}#kt-info-box_a556b8-3e .kt-blocks-info-box-learnmore{background:transparent;border-color:#555555;border-width:0px 0px 0px 0px;padding:4px 8px 4px 8px;margin:10px 0px 10px 0px;}#kt-info-box_a556b8-3e .kt-blocks-info-box-link-wrap:hover .kt-blocks-info-box-learnmore{color:#ffffff;background:#444444;border-color:#444444;}<\/style>\n<div id=\"kt-info-box_a556b8-3e\" class=\"wp-block-kadence-infobox\"><a class=\"kt-blocks-info-box-link-wrap info-box-link kt-blocks-info-box-media-align-left kt-info-halign-left\"><div class=\"kt-blocks-info-box-media-container\"><div class=\"kt-blocks-info-box-media kt-info-media-animate-none\"><div class=\"kadence-info-box-icon-container kt-info-icon-animate-none\"><div class=\"kadence-info-box-icon-inner-container\"><span style=\"display:block;justify-content:center;align-items:center\" class=\"kt-info-svg-icon kt-info-svg-icon-fas_location-arrow\"><svg style=\"display:inline-block;vertical-align:middle\" viewBox=\"0 0 512 512\" height=\"50\" width=\"50\" fill=\"currentColor\" xmlns=\"http:\/\/www.w3.org\/2000\/svg\" aria-hidden=\"true\"><path d=\"M444.52 3.52L28.74 195.42c-47.97 22.39-31.98 92.75 19.19 92.75h175.91v175.91c0 51.17 70.36 67.17 92.75 19.19l191.9-415.78c15.99-38.39-25.59-79.97-63.97-63.97z\"><\/path><\/svg><\/span><\/div><\/div><\/div><\/div><div class=\"kt-infobox-textcontent\"><h3 class=\"kt-blocks-info-box-title\">Ana Ofis<\/h3><p class=\"kt-blocks-info-box-text\">Bi\u015fkek Cad. No:147\/5 Emek<br\/>06500 Ankara &#8211; TURK\u0130YE<\/p><\/div><\/a><\/div>\n<\/div><\/div>\n\n\n\n<div class=\"wp-block-kadence-column inner-column-2 kadence-column_63bfbf-58\"><div class=\"kt-inside-inner-col\"><style id=\"kb-infobox_15388b-de\">#kt-info-box_15388b-de .kt-blocks-info-box-link-wrap{border-radius:10px;background:#ffffff;padding-top:24px;padding-right:24px;padding-bottom:24px;padding-left:24px;border-top-width:5px;border-right-width:5px;border-bottom-width:5px;border-left-width:5px;}#kt-info-box_15388b-de .kt-blocks-info-box-link-wrap:hover{border-color:#eeeeee;background:#ffffff;}#kt-info-box_15388b-de .kt-info-svg-icon, #kt-info-box_15388b-de .kt-info-svg-icon-flip, #kt-info-box_15388b-de .kt-blocks-info-box-number{font-size:50px;}#kt-info-box_15388b-de .kt-blocks-info-box-media{color:#444444;background:#ffffff;border-color:#eeeeee;border-radius:200px;border-top-width:5px;border-right-width:5px;border-bottom-width:5px;border-left-width:5px;padding-top:20px;padding-right:20px;padding-bottom:20px;padding-left:20px;margin-top:0px;margin-right:20px;margin-bottom:0px;margin-left:0px;}#kt-info-box_15388b-de .kt-blocks-info-box-media .kadence-info-box-image-intrisic:not(.kb-info-box-image-ratio) img{border-radius:200px;}#kt-info-box_15388b-de .kt-blocks-info-box-link-wrap:hover .kt-blocks-info-box-media{color:#444444;background:#ffffff;border-color:#eeeeee;}#kt-info-box_15388b-de .kt-blocks-info-box-title{font-size:18px;text-transform:uppercase;padding-top:0px;padding-right:0px;padding-bottom:0px;padding-left:0px;margin-top:5px;margin-right:0px;margin-bottom:10px;margin-left:0px;}<\/style>\n<div id=\"kt-info-box_15388b-de\" class=\"wp-block-kadence-infobox\"><a class=\"kt-blocks-info-box-link-wrap info-box-link kt-blocks-info-box-media-align-left kt-info-halign-left\"><div class=\"kt-blocks-info-box-media-container\"><div class=\"kt-blocks-info-box-media kt-info-media-animate-none\"><div class=\"kadence-info-box-icon-container kt-info-icon-animate-none\"><div class=\"kadence-info-box-icon-inner-container\"><span style=\"display:block;justify-content:center;align-items:center\" class=\"kt-info-svg-icon kt-info-svg-icon-fas_industry\"><svg style=\"display:inline-block;vertical-align:middle\" viewBox=\"0 0 512 512\" height=\"50\" width=\"50\" fill=\"currentColor\" xmlns=\"http:\/\/www.w3.org\/2000\/svg\" aria-hidden=\"true\"><path d=\"M475.115 163.781L336 252.309v-68.28c0-18.916-20.931-30.399-36.885-20.248L160 252.309V56c0-13.255-10.745-24-24-24H24C10.745 32 0 42.745 0 56v400c0 13.255 10.745 24 24 24h464c13.255 0 24-10.745 24-24V184.029c0-18.917-20.931-30.399-36.885-20.248z\"><\/path><\/svg><\/span><\/div><\/div><\/div><\/div><div class=\"kt-infobox-textcontent\"><h3 class=\"kt-blocks-info-box-title\">Fabrika<\/h3><p class=\"kt-blocks-info-box-text\">Ankara Asfalt\u0131, Yenmi\u015f K\u00f6y\u00fc Mevkii, No:20, Kemalpa\u015fa 35730\u00a0<br\/>\u0130zmir \u2013 TURK\u0130YE<\/p><\/div><\/a><\/div>\n<\/div><\/div>\n\n\n\n<div class=\"wp-block-kadence-column inner-column-3 kadence-column_cecc2b-19 contact-tabel-area\"><div class=\"kt-inside-inner-col\"><style id=\"kb-advancedheading_ebf77a-76\">#kt-adv-heading_ebf77a-76, #kt-adv-heading_ebf77a-76 .wp-block-kadence-advancedheading, .wp-block-kadence-advancedheading.kt-adv-heading_ebf77a-76[data-kb-block=\"kb-adv-heading_ebf77a-76\"], .kadence-advanced-heading-wrapper .kt-adv-heading_ebf77a-76[data-kb-block=\"kb-adv-heading_ebf77a-76\"]{font-size:18px;text-transform:uppercase;}<\/style>\n<h3 class=\"kt-adv-heading_ebf77a-76 wp-block-kadence-advancedheading\" data-kb-block=\"kb-adv-heading_ebf77a-76\">Ba\u011flant\u0131lar<\/h3>\n\n\n\n<figure class=\"wp-block-table is-style-stripes has-small-font-size\"><table><tbody><tr><td><strong>Ana Ofis<\/strong><\/td><td>+90 312 925 77 10<\/td><\/tr><tr><td><strong>Fabrika<\/strong><\/td><td>+90 533 956 86 95<\/td><\/tr><tr><td><strong>Fax<\/strong><\/td><td>+90 232 878 03 29<\/td><\/tr><tr><td><strong>Email<\/strong><\/td><td>info@tavananna.com<\/td><\/tr><\/tbody><\/table><\/figure>\n<\/div><\/div>\n<\/div><\/div><\/div>\n\n\n<style id=\"kb-spacer_140c0b-90\">.wp-block-kadence-spacer.kt-block-spacer-_140c0b-90 .kt-divider{width:80%;}<\/style>\n<div class=\"wp-block-kadence-spacer aligncenter kt-block-spacer-_140c0b-90\"><div class=\"kt-block-spacer kt-block-spacer-halign-center\"><hr class=\"kt-divider\"\/><\/div><\/div>\n\n\n<style id=\"kb-rowlayout_76c010-b4\">#kt-layout-id_76c010-b4 > .kt-row-column-wrap.kb-theme-content-width{max-width:1290px;}.kt-layout-id_76c010-b4 > .kb-theme-content-width{padding-left:var(--global-content-edge-padding);padding-right:var(--global-content-edge-padding);}#kt-layout-id_76c010-b4 > .kt-row-column-wrap{padding-top:30px;padding-bottom:100px;padding-left:0px;padding-right:0px;}<\/style>\n<div class=\"wp-block-kadence-rowlayout alignnone\"><div id=\"kt-layout-id_76c010-b4\" class=\"kt-row-layout-inner kt-layout-id_76c010-b4\"><div class=\"kt-row-column-wrap kt-has-2-columns kt-gutter-wider kt-v-gutter-default kt-row-valign-middle kt-row-layout-right-golden kt-tab-layout-inherit kt-m-colapse-left-to-right kt-mobile-layout-row kb-theme-content-width\">\n<div class=\"wp-block-kadence-column inner-column-1 kadence-column_68e14b-c3\"><div class=\"kt-inside-inner-col\"><style id=\"kb-advancedheading_c2f985-58\">#kt-adv-heading_c2f985-58, #kt-adv-heading_c2f985-58 .wp-block-kadence-advancedheading, .wp-block-kadence-advancedheading.kt-adv-heading_c2f985-58[data-kb-block=\"kb-adv-heading_c2f985-58\"], .kadence-advanced-heading-wrapper .kt-adv-heading_c2f985-58[data-kb-block=\"kb-adv-heading_c2f985-58\"]{text-align:left;font-size:18px;text-transform:uppercase;}#kt-adv-heading_c2f985-58 mark, #kt-adv-heading_c2f985-58 .wp-block-kadence-advancedheading mark, .kt-adv-heading_c2f985-58[data-kb-block=\"kb-adv-heading_c2f985-58\"] mark{padding:0px 0px 0px 0px;}<\/style>\n<h2 class=\"kt-adv-heading_c2f985-58 wp-block-kadence-advancedheading\" data-kb-block=\"kb-adv-heading_c2f985-58\">Bizimle \u0130leti\u015fime Ge\u00e7in<\/h2>\n\n\n<style id=\"kb-form_0eaafd-b3\">.wp-block-kadence-form.kadence-form-_0eaafd-b3.kb-form-wrap {}@media (max-width: 1024px) {.wp-block-kadence-form.kadence-form-_0eaafd-b3.kb-form-wrap {}}@media (max-width: 767px) {.wp-block-kadence-form.kadence-form-_0eaafd-b3.kb-form-wrap {}}.kadence-form-_0eaafd-b3 .kb-form .kadence-blocks-form-field .kb-text-style-field, .kadence-form-_0eaafd-b3 .kb-form .kadence-blocks-form-field .kb-select-style-field {border-radius:0px;font-size:16px;border-width:1px 1px 1px 1px;background:#ffffff;border-color:#e1e1e1;}.kadence-form-_0eaafd-b3 .kb-form .kadence-blocks-form-field .kb-text-style-field {padding-top:18px;padding-right:18px;padding-bottom:18px;padding-left:18px;}.kadence-form-_0eaafd-b3 .kb-form .kadence-blocks-form-field > label {}.kadence-form-_0eaafd-b3 .kb-form .kadence-blocks-form-field .kb-forms-submit {color:#ffffff;border-radius:0px;background:var(--global-palette1, #3182CE);}.kadence-form-_0eaafd-b3 .kb-form .kadence-blocks-form-field .kb-forms-submit:hover, .kadence-form-_0eaafd-b3 .kb-form .kadence-blocks-form-field .kb-forms-submit:focus  {color:#ffffff;background:var(--global-palette2, #2B6CB0);}.kadence-form-_0eaafd-b3 .kb-form .kadence-blocks-form-field .kb-forms-submit {line-height:40px;font-style:normal;font-weight:regular;}.kadence-form-_0eaafd-b3 .kadence-blocks-form-message, .kadence-form-_0eaafd-b3 .kb-form-error-msg {}<\/style>\n<div class=\"wp-block-kadence-form kadence-form-_0eaafd-b3 kb-form-wrap\"><form class=\"kb-form\" action=\"\" method=\"post\"><div class=\"kadence-blocks-form-field kb-field-desk-width-100 kb-input-size-custom\"><input name=\"kb_field_0\" id=\"kb_field__0eaafd-b3_0\" data-label=\"\u0130sim Soyad\" type=\"text\" placeholder=\"\u0130sim Soyad\" value=\"\" data-type=\"text\" class=\"kb-field kb-text-style-field kb-text-field kb-field-0\" data-required=\"yes\" data-required-message=\"\u0130sim Soyad gereklidir\"\/><\/div><div class=\"kadence-blocks-form-field kb-form-field-1 kb-field-desk-width-100 kb-input-size-custom\"><input name=\"kb_field_1\" id=\"kb_field__0eaafd-b3_1\" data-label=\"E-posta\" type=\"email\" placeholder=\"E-posta adresiniz\" value=\"\" data-type=\"email\" class=\"kb-field kb-text-style-field kb-email-field kb-field-1\" data-required=\"yes\" data-validation-message=\"Ge\u00e7ersiz E-posta adresi\"\/><\/div><div class=\"kadence-blocks-form-field kb-form-field-2 kb-field-desk-width-100 kb-input-size-custom\"><textarea name=\"kb_field_2\" id=\"kb_field__0eaafd-b3_2\" data-label=\"Mesaj\u0131n\u0131z\" type=\"textarea\" placeholder=\"Sorunuz veya yorumunuz nedir?\" data-type=\"textarea\" class=\"kb-field kb-text-style-field kb-textarea-field kb-field-2\" rows=\"4\" data-required=\"yes\" data-required-message=\"Mesaj\u0131n\u0131z gerekldir\"><\/textarea><\/div><input type=\"hidden\" name=\"_kb_form_id\" value=\"_0eaafd-b3\"\/><input type=\"hidden\" name=\"_kb_form_post_id\" value=\"178\"\/><input type=\"hidden\" name=\"action\" value=\"kb_process_ajax_submit\"\/><input class=\"kadence-blocks-field verify\" type=\"text\" name=\"_kb_verify_email\" autocomplete=\"off\" aria-hidden=\"true\" placeholder=\"Email\" tabindex=\"-1\"\/><div class=\"kadence-blocks-form-field kb-submit-field kb-field-desk-width-100\"><button class=\"kb-forms-submit button kb-button-size-standard kb-button-width-full\">Send<\/button><\/div><\/form><\/div>\n<\/div><\/div>\n\n\n\n<div class=\"wp-block-kadence-column inner-column-2 kadence-column_ca005f-09\"><div class=\"kt-inside-inner-col\">\n<iframe src=\"https:\/\/www.google.com\/maps\/embed?pb=!1m14!1m8!1m3!1d6248.103981781893!2d27.347741!3d38.463361!3m2!1i1024!2i768!4f13.1!3m3!1m2!1s0x14b97a641a7e8cfd%3A0x62e2e0b7df6988c4!2zQW5rYXJhIEFzZmFsdMSxIENkLiBObzoyMCwgMzU3MzAgS2VtYWxwYcWfYSBPc2IvS2VtYWxwYcWfYS_EsHptaXIsIFTDvHJraXll!5e0!3m2!1str!2sus!4v1667537725979!5m2!1str!2sus\" width=\"100%\" height=\"410\" style=\"border:0;\" allowfullscreen=\"\" loading=\"lazy\" referrerpolicy=\"no-referrer-when-downgrade\"><\/iframe>\n<\/div><\/div>\n<\/div><\/div><\/div>\n","protected":false},"excerpt":{"rendered":"<p>Ba\u011flant\u0131lar Ana Ofis +90 312 925 77 10 Fabrika +90 533 956 86 95 Fax +90 232 878 03 29 Email info@tavananna.com Bizimle \u0130leti\u015fime Ge\u00e7in<\/p>\n","protected":false},"author":1,"featured_media":22,"parent":0,"menu_order":0,"comment_status":"closed","ping_status":"closed","template":"","meta":{"_kad_post_transparent":"","_kad_post_title":"","_kad_post_layout":"","_kad_post_sidebar_id":"","_kad_post_content_style":"","_kad_post_vertical_padding":"","_kad_post_feature":"","_kad_post_feature_position":"","_kad_post_header":false,"_kad_post_footer":false,"footnotes":""},"class_list":["post-178","page","type-page","status-publish","has-post-thumbnail","hentry"],"_links":{"self":[{"href":"https:\/\/demo2.mehmetulus.com.tr\/index.php?rest_route=\/wp\/v2\/pages\/178","targetHints":{"allow":["GET"]}}],"collection":[{"href":"https:\/\/demo2.mehmetulus.com.tr\/index.php?rest_route=\/wp\/v2\/pages"}],"about":[{"href":"https:\/\/demo2.mehmetulus.com.tr\/index.php?rest_route=\/wp\/v2\/types\/page"}],"author":[{"embeddable":true,"href":"https:\/\/demo2.mehmetulus.com.tr\/index.php?rest_route=\/wp\/v2\/users\/1"}],"replies":[{"embeddable":true,"href":"https:\/\/demo2.mehmetulus.com.tr\/index.php?rest_route=%2Fwp%2Fv2%2Fcomments&post=178"}],"version-history":[{"count":17,"href":"https:\/\/demo2.mehmetulus.com.tr\/index.php?rest_route=\/wp\/v2\/pages\/178\/revisions"}],"predecessor-version":[{"id":199,"href":"https:\/\/demo2.mehmetulus.com.tr\/index.php?rest_route=\/wp\/v2\/pages\/178\/revisions\/199"}],"wp:featuredmedia":[{"embeddable":true,"href":"https:\/\/demo2.mehmetulus.com.tr\/index.php?rest_route=\/wp\/v2\/media\/22"}],"wp:attachment":[{"href":"https:\/\/demo2.mehmetulus.com.tr\/index.php?rest_route=%2Fwp%2Fv2%2Fmedia&parent=178"}],"curies":[{"name":"wp","href":"https:\/\/api.w.org\/{rel}","templated":true}]}}