{"id":131,"date":"2022-11-04T06:01:25","date_gmt":"2022-11-04T03:01:25","guid":{"rendered":"http:\/\/demo2.mehmetulus.com.tr\/?page_id=131"},"modified":"2022-11-04T06:25:09","modified_gmt":"2022-11-04T03:25:09","slug":"uretim","status":"publish","type":"page","link":"https:\/\/demo2.mehmetulus.com.tr\/?page_id=131","title":{"rendered":"\u00dcretim"},"content":{"rendered":"\n<div class=\"wp-block-kadence-rowlayout alignnone\"><div id=\"kt-layout-id_f174d5-15\" class=\"kt-row-layout-inner kt-layout-id_f174d5-15\"><div class=\"kt-row-column-wrap kt-has-1-columns kt-gutter-default kt-v-gutter-default kt-row-valign-top kt-row-layout-equal kt-tab-layout-inherit kt-m-colapse-left-to-right kt-mobile-layout-row\"><style id=\"kb-column_6057ca-b3\">.wp-block-kadence-column.kadence-column_6057ca-b3 > .kt-inside-inner-col{margin-bottom:100px;}.kadence-column_6057ca-b3 > .kt-inside-inner-col{display:flex;flex-direction:row;flex-wrap:wrap;align-items:center;justify-content:center;gap:10px;}.kadence-column_6057ca-b3 > .kt-inside-inner-col > *, .kadence-column_6057ca-b3 > .kt-inside-inner-col > figure.wp-block-image, .kadence-column_6057ca-b3 > .kt-inside-inner-col > figure.wp-block-kadence-image{margin-top:0px;margin-bottom:0px;}<\/style>\n<div class=\"wp-block-kadence-column inner-column-1 kadence-column_6057ca-b3 kb-section-dir-horizontal\"><div class=\"kt-inside-inner-col\">\n<div class=\"wp-block-columns are-vertically-aligned-center is-layout-flex wp-container-core-columns-is-layout-9d6595d7 wp-block-columns-is-layout-flex\">\n<div class=\"wp-block-column is-vertically-aligned-center is-layout-flow wp-block-column-is-layout-flow\">\n<p>Tuvalanna Extra Virgin Olive Oil is delicately produced in \u0130zmir, Turkey. The team, takes part during all the production process from harvesting to bottling, with joy and care. It&#8217;s extracted by continuous system with cold press method, on the very same day they have been picked. So these hand-picked olives lose nothing of their naturalness, healthiness and cleanness.<\/p>\n\n\n\n<p>Cold pressed means that olive paste should not be exposed high temperatures while extracting. Cold pressed olive oils are much richer in polyphenols, antioxidants, and vitamins compare to others.<\/p>\n\n\n\n<p>Continuous system is the most up-to-date method in olive oil production.With no chemical operation and untouched processes, the method allows completely hygienic extraction. Moreover, olive oil will have a longer life since there is no contact with the air during the process.<\/p>\n\n\n\n<p>Olives are harvested only in \u0130zmir region. Tuvalanna the right to use Geographical Indication, based on both chemical and sensory tests done by &#8220;Laboratory of Olive Oil Analysis&#8221; accredited by the International Olive Oil Council..<\/p>\n<\/div>\n\n\n\n<div class=\"wp-block-column is-vertically-aligned-center is-layout-flow wp-block-column-is-layout-flow\">\n<figure class=\"wp-block-kadence-image kb-image_a3ec6a-c7 size-large\"><img loading=\"lazy\" decoding=\"async\" width=\"1024\" height=\"741\" src=\"http:\/\/demo2.mehmetulus.com.tr\/wp-content\/uploads\/2022\/11\/img-1400x1013-1-1024x741.jpg\" alt=\"\" class=\"kb-img wp-image-132\" srcset=\"https:\/\/demo2.mehmetulus.com.tr\/wp-content\/uploads\/2022\/11\/img-1400x1013-1-1024x741.jpg 1024w, https:\/\/demo2.mehmetulus.com.tr\/wp-content\/uploads\/2022\/11\/img-1400x1013-1-300x217.jpg 300w, https:\/\/demo2.mehmetulus.com.tr\/wp-content\/uploads\/2022\/11\/img-1400x1013-1-768x556.jpg 768w, https:\/\/demo2.mehmetulus.com.tr\/wp-content\/uploads\/2022\/11\/img-1400x1013-1-420x304.jpg 420w, https:\/\/demo2.mehmetulus.com.tr\/wp-content\/uploads\/2022\/11\/img-1400x1013-1-1320x955.jpg 1320w, https:\/\/demo2.mehmetulus.com.tr\/wp-content\/uploads\/2022\/11\/img-1400x1013-1-414x300.jpg 414w, https:\/\/demo2.mehmetulus.com.tr\/wp-content\/uploads\/2022\/11\/img-1400x1013-1-800x579.jpg 800w, https:\/\/demo2.mehmetulus.com.tr\/wp-content\/uploads\/2022\/11\/img-1400x1013-1.jpg 1400w\" sizes=\"auto, (max-width: 1024px) 100vw, 1024px\" \/><\/figure>\n<\/div>\n<\/div>\n<\/div><\/div>\n<\/div><\/div><\/div>\n\n\n<style id=\"kb-rowlayout_d6b6b7-3d\">#kt-layout-id_d6b6b7-3d{background-image:url('http:\/\/demo2.mehmetulus.com.tr\/wp-content\/uploads\/2022\/11\/eleme-2000x1333-0.jpg');background-size:cover;background-position:center center;background-attachment:fixed;background-repeat:no-repeat;}#kt-layout-id_d6b6b7-3d > .kt-row-column-wrap{padding-top:120px;padding-bottom:120px;}#kt-layout-id_d6b6b7-3d > .kt-row-layout-overlay{opacity:0.50;background-color:var(--global-palette3, #1A202C);}<\/style>\n<div class=\"wp-block-kadence-rowlayout alignfull\"><div id=\"kt-layout-id_d6b6b7-3d\" class=\"kt-row-layout-inner kt-row-has-bg kt-layout-id_d6b6b7-3d\"><div class=\"kt-row-layout-overlay kt-row-overlay-normal\"><\/div><div class=\"kt-row-column-wrap kt-has-1-columns kt-gutter-default kt-v-gutter-default kt-row-valign-top kt-row-layout-equal kt-tab-layout-inherit kt-m-colapse-left-to-right kt-mobile-layout-row\">\n<div class=\"wp-block-kadence-column inner-column-1 kadence-column_4847b4-8b\"><div class=\"kt-inside-inner-col\"><style id=\"kb-advancedheading_76544a-65\">#kt-adv-heading_76544a-65, #kt-adv-heading_76544a-65 .wp-block-kadence-advancedheading, .wp-block-kadence-advancedheading.kt-adv-heading_76544a-65[data-kb-block=\"kb-adv-heading_76544a-65\"], .kadence-advanced-heading-wrapper .kt-adv-heading_76544a-65[data-kb-block=\"kb-adv-heading_76544a-65\"]{text-align:center;font-size:52px;}<\/style>\n<h2 class=\"kt-adv-heading_76544a-65 wp-block-kadence-advancedheading has-theme-palette-9-color has-text-color\" data-kb-block=\"kb-adv-heading_76544a-65\">\u00dcRET\u0130MDE Y\u00dcKSEK KAL\u0130TE<\/h2>\n\n\n<style id=\"kb-advancedheading_48b6b7-e8\">#kt-adv-heading_48b6b7-e8, #kt-adv-heading_48b6b7-e8 .wp-block-kadence-advancedheading, .wp-block-kadence-advancedheading.kt-adv-heading_48b6b7-e8[data-kb-block=\"kb-adv-heading_48b6b7-e8\"], .kadence-advanced-heading-wrapper .kt-adv-heading_48b6b7-e8[data-kb-block=\"kb-adv-heading_48b6b7-e8\"]{text-align:center;}#kt-adv-heading_48b6b7-e8 mark, #kt-adv-heading_48b6b7-e8 .wp-block-kadence-advancedheading mark, .kt-adv-heading_48b6b7-e8[data-kb-block=\"kb-adv-heading_48b6b7-e8\"] mark{padding:0px 0px 0px 0px;}<\/style>\n<p class=\"kt-adv-heading_48b6b7-e8 wp-block-kadence-advancedheading has-theme-palette-9-color has-text-color\" data-kb-block=\"kb-adv-heading_48b6b7-e8\">Misyonumuz, d\u00fcnyan\u0131n her yerindeki m\u00fc\u015fterilerimize \u00fcst\u00fcn kaliteli zeytinya\u011f\u0131,<br> b\u00fcy\u00fck de\u011fer ve optimum teslim s\u00fcresi getirme.<\/p>\n<\/div><\/div>\n<\/div><\/div><\/div>\n\n\n\n<div class=\"wp-block-kadence-rowlayout alignnone\"><div id=\"kt-layout-id_6cec78-25\" class=\"kt-row-layout-inner kt-layout-id_6cec78-25\"><div class=\"kt-row-column-wrap kt-has-1-columns kt-gutter-default kt-v-gutter-default kt-row-valign-top kt-row-layout-equal kt-tab-layout-inherit kt-m-colapse-left-to-right kt-mobile-layout-row\">\n<div class=\"wp-block-kadence-column inner-column-1 kadence-column_4d3c26-f6\"><div class=\"kt-inside-inner-col\"><style id=\"kb-advancedheading_3dae42-36\">#kt-adv-heading_3dae42-36, #kt-adv-heading_3dae42-36 .wp-block-kadence-advancedheading, .wp-block-kadence-advancedheading.kt-adv-heading_3dae42-36[data-kb-block=\"kb-adv-heading_3dae42-36\"], .kadence-advanced-heading-wrapper .kt-adv-heading_3dae42-36[data-kb-block=\"kb-adv-heading_3dae42-36\"]{padding-top:100px;padding-right:80px;padding-bottom:100px;padding-left:80px;}#kt-adv-heading_3dae42-36 mark, #kt-adv-heading_3dae42-36 .wp-block-kadence-advancedheading mark, .kt-adv-heading_3dae42-36[data-kb-block=\"kb-adv-heading_3dae42-36\"] mark{padding:0px 0px 0px 0px;}<\/style>\n<p class=\"kt-adv-heading_3dae42-36 wp-block-kadence-advancedheading\" data-kb-block=\"kb-adv-heading_3dae42-36\">Tavananna Zeytinya\u011f\u0131, taze zeytinleri 24 saat i\u00e7inde fabrikaya nakletmek ve kaliteli zeytinya\u011f\u0131 elde etmek i\u00e7in modern hasat makineleri ile donat\u0131lm\u0131\u015f \u00f6zel e\u011fitimli hasat ekiplerine sahiptir. \u00dcretim hatt\u0131 26 C derecenin alt\u0131nda \u00e7al\u0131\u015fmaktad\u0131r. Sabit s\u0131cakl\u0131k, \u0131\u015f\u0131k ve nem alt\u0131nda depolanan zeytinya\u011f\u0131na periyodik kalite testi ve pirina drenaj\u0131 yap\u0131lm\u0131\u015ft\u0131r.<\/p>\n\n\n<style id=\"kb-image_27d31d-eb\">.kb-image_27d31d-eb figcaption{color:var(--global-palette9, #ffffff);}<\/style>\n<div class=\"wp-block-kadence-image kb-image_27d31d-eb caption-overlied\"><figure class=\"aligncenter size-large\"><img loading=\"lazy\" decoding=\"async\" width=\"1024\" height=\"682\" src=\"http:\/\/demo2.mehmetulus.com.tr\/wp-content\/uploads\/2022\/11\/img-2000x1333-1-1024x682.jpg\" alt=\"\" class=\"kb-img wp-image-67\" srcset=\"https:\/\/demo2.mehmetulus.com.tr\/wp-content\/uploads\/2022\/11\/img-2000x1333-1-1024x682.jpg 1024w, https:\/\/demo2.mehmetulus.com.tr\/wp-content\/uploads\/2022\/11\/img-2000x1333-1-414x276.jpg 414w, https:\/\/demo2.mehmetulus.com.tr\/wp-content\/uploads\/2022\/11\/img-2000x1333-1-800x533.jpg 800w, https:\/\/demo2.mehmetulus.com.tr\/wp-content\/uploads\/2022\/11\/img-2000x1333-1-300x200.jpg 300w, https:\/\/demo2.mehmetulus.com.tr\/wp-content\/uploads\/2022\/11\/img-2000x1333-1-768x512.jpg 768w, https:\/\/demo2.mehmetulus.com.tr\/wp-content\/uploads\/2022\/11\/img-2000x1333-1-1536x1024.jpg 1536w, https:\/\/demo2.mehmetulus.com.tr\/wp-content\/uploads\/2022\/11\/img-2000x1333-1.jpg 2000w\" sizes=\"auto, (max-width: 1024px) 100vw, 1024px\" \/><figcaption>Tavananna, \u00f6zel bir co\u011frafyada, ideal bir iklimde ve verimli topraklarda, \u00e7a\u011fda\u015f hasat anlay\u0131\u015f\u0131 ve hijyenik presleme y\u00f6ntemleriyle harmanlanm\u0131\u015f, Ege&#8217;ye \u00f6zg\u00fc bir doku tabiki tad\u0131..<\/figcaption><\/figure><\/div>\n<\/div><\/div>\n<\/div><\/div><\/div>\n","protected":false},"excerpt":{"rendered":"<p>Tuvalanna Extra Virgin Olive Oil is delicately produced in \u0130zmir, Turkey. The team, takes part during all the production process from harvesting to bottling, with joy and care. It&#8217;s extracted by continuous system with cold press method, on the very same day they have been picked. So these hand-picked olives lose nothing of their naturalness,&#8230;<\/p>\n","protected":false},"author":1,"featured_media":22,"parent":0,"menu_order":0,"comment_status":"closed","ping_status":"closed","template":"","meta":{"_kad_post_transparent":"","_kad_post_title":"","_kad_post_layout":"","_kad_post_sidebar_id":"","_kad_post_content_style":"","_kad_post_vertical_padding":"","_kad_post_feature":"","_kad_post_feature_position":"","_kad_post_header":false,"_kad_post_footer":false,"footnotes":""},"class_list":["post-131","page","type-page","status-publish","has-post-thumbnail","hentry"],"_links":{"self":[{"href":"https:\/\/demo2.mehmetulus.com.tr\/index.php?rest_route=\/wp\/v2\/pages\/131","targetHints":{"allow":["GET"]}}],"collection":[{"href":"https:\/\/demo2.mehmetulus.com.tr\/index.php?rest_route=\/wp\/v2\/pages"}],"about":[{"href":"https:\/\/demo2.mehmetulus.com.tr\/index.php?rest_route=\/wp\/v2\/types\/page"}],"author":[{"embeddable":true,"href":"https:\/\/demo2.mehmetulus.com.tr\/index.php?rest_route=\/wp\/v2\/users\/1"}],"replies":[{"embeddable":true,"href":"https:\/\/demo2.mehmetulus.com.tr\/index.php?rest_route=%2Fwp%2Fv2%2Fcomments&post=131"}],"version-history":[{"count":7,"href":"https:\/\/demo2.mehmetulus.com.tr\/index.php?rest_route=\/wp\/v2\/pages\/131\/revisions"}],"predecessor-version":[{"id":141,"href":"https:\/\/demo2.mehmetulus.com.tr\/index.php?rest_route=\/wp\/v2\/pages\/131\/revisions\/141"}],"wp:featuredmedia":[{"embeddable":true,"href":"https:\/\/demo2.mehmetulus.com.tr\/index.php?rest_route=\/wp\/v2\/media\/22"}],"wp:attachment":[{"href":"https:\/\/demo2.mehmetulus.com.tr\/index.php?rest_route=%2Fwp%2Fv2%2Fmedia&parent=131"}],"curies":[{"name":"wp","href":"https:\/\/api.w.org\/{rel}","templated":true}]}}